{"id":532,"date":"2023-06-25T15:15:23","date_gmt":"2023-06-25T13:15:23","guid":{"rendered":"http:\/\/localhost:8080\/?page_id=532"},"modified":"2023-11-30T13:41:16","modified_gmt":"2023-11-30T12:41:16","slug":"presentation","status":"publish","type":"page","link":"https:\/\/www.koinos.app\/?page_id=532","title":{"rendered":"Pr\u00e9sentation"},"content":{"rendered":"\t\t<div data-elementor-type=\"wp-page\" data-elementor-id=\"532\" class=\"elementor elementor-532\">\n\t\t\t\t\t\t<section class=\"elementor-section elementor-top-section elementor-element elementor-element-80dafd0 elementor-section-stretched elementor-section-boxed elementor-section-height-default elementor-section-height-default\" data-id=\"80dafd0\" data-element_type=\"section\" data-e-type=\"section\" data-settings=\"{&quot;stretch_section&quot;:&quot;section-stretched&quot;}\">\n\t\t\t\t\t\t<div class=\"elementor-container elementor-column-gap-default\">\n\t\t\t\t\t<div class=\"elementor-column elementor-col-100 elementor-top-column elementor-element elementor-element-bbaede8\" data-id=\"bbaede8\" data-element_type=\"column\" data-e-type=\"column\">\n\t\t\t<div class=\"elementor-widget-wrap elementor-element-populated\">\n\t\t\t\t\t\t<div class=\"elementor-element elementor-element-db17a6e elementor-widget elementor-widget-spacer\" data-id=\"db17a6e\" data-element_type=\"widget\" data-e-type=\"widget\" data-widget_type=\"spacer.default\">\n\t\t\t\t<div class=\"elementor-widget-container\">\n\t\t\t\t\t\t\t<div class=\"elementor-spacer\">\n\t\t\t<div class=\"elementor-spacer-inner\"><\/div>\n\t\t<\/div>\n\t\t\t\t\t\t<\/div>\n\t\t\t\t<\/div>\n\t\t\t\t<div class=\"elementor-element elementor-element-f27bf2c elementor-widget elementor-widget-heading\" data-id=\"f27bf2c\" data-element_type=\"widget\" data-e-type=\"widget\" data-widget_type=\"heading.default\">\n\t\t\t\t<div class=\"elementor-widget-container\">\n\t\t\t\t\t<h2 class=\"elementor-heading-title elementor-size-default\">Koinos en vid\u00e9o ...<\/h2>\t\t\t\t<\/div>\n\t\t\t\t<\/div>\n\t\t\t\t<div class=\"elementor-element elementor-element-c9fe9f1 elementor-widget elementor-widget-spacer\" data-id=\"c9fe9f1\" data-element_type=\"widget\" data-e-type=\"widget\" data-widget_type=\"spacer.default\">\n\t\t\t\t<div class=\"elementor-widget-container\">\n\t\t\t\t\t\t\t<div class=\"elementor-spacer\">\n\t\t\t<div class=\"elementor-spacer-inner\"><\/div>\n\t\t<\/div>\n\t\t\t\t\t\t<\/div>\n\t\t\t\t<\/div>\n\t\t\t\t<div class=\"elementor-element elementor-element-c786661 elementor-widget__width-initial elementor-widget-mobile__width-inherit elementor-widget elementor-widget-video\" data-id=\"c786661\" data-element_type=\"widget\" data-e-type=\"widget\" data-settings=\"{&quot;video_type&quot;:&quot;hosted&quot;,&quot;controls&quot;:&quot;yes&quot;}\" data-widget_type=\"video.default\">\n\t\t\t\t<div class=\"elementor-widget-container\">\n\t\t\t\t\t\t\t<div class=\"e-hosted-video elementor-wrapper elementor-open-inline\">\n\t\t\t\t\t<video class=\"elementor-video\" src=\"https:\/\/uucfccl.cluster021.hosting.ovh.net\/wp-content\/uploads\/2023\/09\/KOINOS_video_final_V2.mp4\" controls=\"\" preload=\"metadata\" controlsList=\"nodownload\"><\/video>\n\t\t\t\t<\/div>\n\t\t\t\t\t\t<\/div>\n\t\t\t\t<\/div>\n\t\t\t\t\t<\/div>\n\t\t<\/div>\n\t\t\t\t\t<\/div>\n\t\t<\/section>\n\t\t\t\t<section class=\"elementor-section elementor-top-section elementor-element elementor-element-75b1fdf elementor-section-stretched elementor-section-boxed elementor-section-height-default elementor-section-height-default\" data-id=\"75b1fdf\" data-element_type=\"section\" data-e-type=\"section\" data-settings=\"{&quot;stretch_section&quot;:&quot;section-stretched&quot;}\">\n\t\t\t\t\t\t<div class=\"elementor-container elementor-column-gap-default\">\n\t\t\t\t\t<div class=\"elementor-column elementor-col-100 elementor-top-column elementor-element elementor-element-dc2b99d\" data-id=\"dc2b99d\" data-element_type=\"column\" data-e-type=\"column\">\n\t\t\t<div class=\"elementor-widget-wrap elementor-element-populated\">\n\t\t\t\t\t\t<div class=\"elementor-element elementor-element-0d003a5 elementor-widget elementor-widget-spacer\" data-id=\"0d003a5\" data-element_type=\"widget\" data-e-type=\"widget\" data-widget_type=\"spacer.default\">\n\t\t\t\t<div class=\"elementor-widget-container\">\n\t\t\t\t\t\t\t<div class=\"elementor-spacer\">\n\t\t\t<div class=\"elementor-spacer-inner\"><\/div>\n\t\t<\/div>\n\t\t\t\t\t\t<\/div>\n\t\t\t\t<\/div>\n\t\t\t\t<div class=\"elementor-element elementor-element-bfa5774 elementor-widget elementor-widget-heading\" data-id=\"bfa5774\" data-element_type=\"widget\" data-e-type=\"widget\" data-widget_type=\"heading.default\">\n\t\t\t\t<div class=\"elementor-widget-container\">\n\t\t\t\t\t<h2 class=\"elementor-heading-title elementor-size-default\">Koinos, c\u2019est quoi&nbsp;?&nbsp;<\/h2>\t\t\t\t<\/div>\n\t\t\t\t<\/div>\n\t\t\t\t<div class=\"elementor-element elementor-element-65e3e5c elementor-widget elementor-widget-text-editor\" data-id=\"65e3e5c\" data-element_type=\"widget\" data-e-type=\"widget\" data-widget_type=\"text-editor.default\">\n\t\t\t\t<div class=\"elementor-widget-container\">\n\t\t\t\t\t\t\t\t\t<p>\u00a0\u00a0\u00a0 Aujourd\u2019hui, les donn\u00e9es sont essentielles pour les entreprises, offrant un avantage concurrentiel et de nombreuses opportunit\u00e9s de croissance, que ce soit pour la prise de d\u00e9cisions, l&rsquo;optimisation des processus ou l&rsquo;exploitation des informations, en faisant de l&rsquo;achat ou de la vente de donn\u00e9es un \u00e9l\u00e9ment essentiel pour atteindre ses objectifs.<\/p><p><b>\u00a0\u00a0\u00a0 Les donn\u00e9es sont donc pr\u00e9cieuses, mais leur nature facilement duplicable les rendent complexes \u00e0 vendre<\/b>. Lorsqu&rsquo;elles sont dupliqu\u00e9es, elles peuvent \u00eatre diffus\u00e9es, distribu\u00e9es ou propag\u00e9es ais\u00e9ment, entra\u00eenant ainsi une perte de contr\u00f4le pour le cr\u00e9ateur ou le d\u00e9tenteur des donn\u00e9es. Cette perte de contr\u00f4le entra\u00eene ainsi la diminution des possibilit\u00e9s de valorisation et de b\u00e9n\u00e9fices qui pourraient en d\u00e9couler.<\/p><p>\u00a0\u00a0\u00a0 Les donn\u00e9es brutes en elles-m\u00eames ne poss\u00e8dent pas de valeur, leur valeur r\u00e9side dans l\u2019usage qui en est fait. Ainsi, pour pr\u00e9server cette valeur, <b>notre approche consiste \u00e0 emp\u00eacher la possibilit\u00e9 de duplication ou de copie des donn\u00e9es, tout en permettant aux utilisateurs de conserver uniquement les r\u00e9sultats de leurs manipulations<\/b>. Cela garantit le contr\u00f4le des cr\u00e9ateurs ou d\u00e9tenteurs des donn\u00e9es et maximise les possibilit\u00e9s de valorisation de ces derni\u00e8res, tout en assurant la confidentialit\u00e9 des informations manipul\u00e9es.<\/p>\t\t\t\t\t\t\t\t<\/div>\n\t\t\t\t<\/div>\n\t\t\t\t\t<\/div>\n\t\t<\/div>\n\t\t\t\t\t<\/div>\n\t\t<\/section>\n\t\t\t\t<section class=\"elementor-section elementor-top-section elementor-element elementor-element-ffa2e72 elementor-section-stretched elementor-section-boxed elementor-section-height-default elementor-section-height-default\" data-id=\"ffa2e72\" data-element_type=\"section\" data-e-type=\"section\" data-settings=\"{&quot;stretch_section&quot;:&quot;section-stretched&quot;}\">\n\t\t\t\t\t\t<div class=\"elementor-container elementor-column-gap-default\">\n\t\t\t\t\t<div class=\"elementor-column elementor-col-66 elementor-top-column elementor-element elementor-element-561394c\" data-id=\"561394c\" data-element_type=\"column\" data-e-type=\"column\">\n\t\t\t<div class=\"elementor-widget-wrap elementor-element-populated\">\n\t\t\t\t\t\t<div class=\"elementor-element elementor-element-755f28a elementor-widget elementor-widget-text-editor\" data-id=\"755f28a\" data-element_type=\"widget\" data-e-type=\"widget\" data-widget_type=\"text-editor.default\">\n\t\t\t\t<div class=\"elementor-widget-container\">\n\t\t\t\t\t\t\t\t\t<p>\u00a0\u00a0 Ainsi, une v\u00e9ritable r\u00e9volution de l\u2019utilisation des donn\u00e9es s&rsquo;offre \u00e0 vous : <b>Plus besoin de vendre de la donn\u00e9e et de perdre son contr\u00f4le. Optez pour la location de donn\u00e9es\u00a0! <\/b>C&rsquo;est une solution gagnante \u00e0 la fois pour les propri\u00e9taires des donn\u00e9es, et pour les utilisateurs souhaitant les utiliser (analystes, entreprises, chercheurs, institutions, \u2026). <b>Permettant ainsi d\u2019utiliser les r\u00e9sultats des donn\u00e9es sans avoir \u00e0 l\u2019acheter et la stocker et valoriser les donn\u00e9es que l\u2019on poss\u00e8de tout en gardant leur propri\u00e9t\u00e9.<\/b>\u00a0<\/p><p><b>\u00a0\u00a0\u00a0 Avec Koinos, d\u00e9couvrez d\u00e8s maintenant ce concept r\u00e9volutionnaire et rejoignez le mouvement de la location de donn\u00e9es.<\/b><\/p>\t\t\t\t\t\t\t\t<\/div>\n\t\t\t\t<\/div>\n\t\t\t\t\t<\/div>\n\t\t<\/div>\n\t\t\t\t<div class=\"elementor-column elementor-col-33 elementor-top-column elementor-element elementor-element-1d28b23\" data-id=\"1d28b23\" data-element_type=\"column\" data-e-type=\"column\">\n\t\t\t<div class=\"elementor-widget-wrap elementor-element-populated\">\n\t\t\t\t\t\t<div class=\"elementor-element elementor-element-6fc7fb4 elementor-widget elementor-widget-image\" data-id=\"6fc7fb4\" data-element_type=\"widget\" data-e-type=\"widget\" data-widget_type=\"image.default\">\n\t\t\t\t<div class=\"elementor-widget-container\">\n\t\t\t\t\t\t\t\t\t\t\t\t\t\t\t<img fetchpriority=\"high\" decoding=\"async\" width=\"577\" height=\"347\" src=\"https:\/\/www.koinos.app\/wp-content\/uploads\/2023\/07\/np_Lock-to-protect-technology-on-computer-network_0y1vq0_free.jpg\" class=\"attachment-large size-large wp-image-677\" alt=\"\" srcset=\"https:\/\/www.koinos.app\/wp-content\/uploads\/2023\/07\/np_Lock-to-protect-technology-on-computer-network_0y1vq0_free.jpg 577w, https:\/\/www.koinos.app\/wp-content\/uploads\/2023\/07\/np_Lock-to-protect-technology-on-computer-network_0y1vq0_free-300x180.jpg 300w\" sizes=\"(max-width: 577px) 100vw, 577px\" \/>\t\t\t\t\t\t\t\t\t\t\t\t\t\t\t<\/div>\n\t\t\t\t<\/div>\n\t\t\t\t\t<\/div>\n\t\t<\/div>\n\t\t\t\t\t<\/div>\n\t\t<\/section>\n\t\t\t\t<section class=\"elementor-section elementor-top-section elementor-element elementor-element-98048a1 elementor-section-boxed elementor-section-height-default elementor-section-height-default\" data-id=\"98048a1\" data-element_type=\"section\" data-e-type=\"section\">\n\t\t\t\t\t\t<div class=\"elementor-container elementor-column-gap-default\">\n\t\t\t\t\t<div class=\"elementor-column elementor-col-100 elementor-top-column elementor-element elementor-element-31073c7\" data-id=\"31073c7\" data-element_type=\"column\" data-e-type=\"column\">\n\t\t\t<div class=\"elementor-widget-wrap elementor-element-populated\">\n\t\t\t\t\t\t<div class=\"elementor-element elementor-element-c0c4d81 elementor-widget elementor-widget-heading\" data-id=\"c0c4d81\" data-element_type=\"widget\" data-e-type=\"widget\" data-widget_type=\"heading.default\">\n\t\t\t\t<div class=\"elementor-widget-container\">\n\t\t\t\t\t<h2 class=\"elementor-heading-title elementor-size-default\"><div><div><main role=\"main\"><div><div><div><article><div><div data-elementor-type=\"wp-page\" data-elementor-id=\"532\" data-elementor-title=\"Page\"><div><div><section data-id=\"3b3cb59\" data-element_type=\"section\" data-model-cid=\"c9089\"><div><div><div data-id=\"6332cd3\" data-element_type=\"column\" data-col=\"100\" data-model-cid=\"c9471\"><div><div><div data-id=\"629264a\" data-element_type=\"widget\" data-model-cid=\"c9519\" data-widget_type=\"text-editor.default\"><div><div data-elementor-setting-key=\"editor\" data-elementor-inline-editing-toolbar=\"advanced\" data-pen-placeholder=\"\u00c9crivez ici...\"><p>La mise en place de Koinos<\/p><\/div><\/div><\/div><\/div><\/div><\/div><\/div><\/div><\/section><\/div><\/div><\/div><\/div><\/article><\/div><\/div><\/div><\/main><\/div><\/div><\/h2>\t\t\t\t<\/div>\n\t\t\t\t<\/div>\n\t\t\t\t\t<\/div>\n\t\t<\/div>\n\t\t\t\t\t<\/div>\n\t\t<\/section>\n\t\t\t\t<section class=\"elementor-section elementor-top-section elementor-element elementor-element-36ed5df elementor-section-stretched elementor-section-boxed elementor-section-height-default elementor-section-height-default\" data-id=\"36ed5df\" data-element_type=\"section\" data-e-type=\"section\" data-settings=\"{&quot;stretch_section&quot;:&quot;section-stretched&quot;}\">\n\t\t\t\t\t\t<div class=\"elementor-container elementor-column-gap-default\">\n\t\t\t\t\t<div class=\"elementor-column elementor-col-33 elementor-top-column elementor-element elementor-element-876f683\" data-id=\"876f683\" data-element_type=\"column\" data-e-type=\"column\">\n\t\t\t<div class=\"elementor-widget-wrap elementor-element-populated\">\n\t\t\t\t\t\t<div class=\"elementor-element elementor-element-f9e25c4 elementor-widget elementor-widget-image\" data-id=\"f9e25c4\" data-element_type=\"widget\" data-e-type=\"widget\" data-widget_type=\"image.default\">\n\t\t\t\t<div class=\"elementor-widget-container\">\n\t\t\t\t\t\t\t\t\t\t\t\t\t\t\t<img decoding=\"async\" width=\"300\" height=\"200\" src=\"https:\/\/www.koinos.app\/wp-content\/uploads\/2023\/07\/pexels-panumas-nikhomkhai-17489153-300x200.jpg\" class=\"attachment-medium size-medium wp-image-681\" alt=\"\" srcset=\"https:\/\/www.koinos.app\/wp-content\/uploads\/2023\/07\/pexels-panumas-nikhomkhai-17489153-300x200.jpg 300w, https:\/\/www.koinos.app\/wp-content\/uploads\/2023\/07\/pexels-panumas-nikhomkhai-17489153-1024x681.jpg 1024w, https:\/\/www.koinos.app\/wp-content\/uploads\/2023\/07\/pexels-panumas-nikhomkhai-17489153-768x511.jpg 768w, https:\/\/www.koinos.app\/wp-content\/uploads\/2023\/07\/pexels-panumas-nikhomkhai-17489153-1536x1022.jpg 1536w, https:\/\/www.koinos.app\/wp-content\/uploads\/2023\/07\/pexels-panumas-nikhomkhai-17489153-2048x1363.jpg 2048w\" sizes=\"(max-width: 300px) 100vw, 300px\" \/>\t\t\t\t\t\t\t\t\t\t\t\t\t\t\t<\/div>\n\t\t\t\t<\/div>\n\t\t\t\t\t<\/div>\n\t\t<\/div>\n\t\t\t\t<div class=\"elementor-column elementor-col-66 elementor-top-column elementor-element elementor-element-c7cb9cd\" data-id=\"c7cb9cd\" data-element_type=\"column\" data-e-type=\"column\">\n\t\t\t<div class=\"elementor-widget-wrap elementor-element-populated\">\n\t\t\t\t\t\t<div class=\"elementor-element elementor-element-63572a0 elementor-widget elementor-widget-text-editor\" data-id=\"63572a0\" data-element_type=\"widget\" data-e-type=\"widget\" data-widget_type=\"text-editor.default\">\n\t\t\t\t<div class=\"elementor-widget-container\">\n\t\t\t\t\t\t\t\t\t<p>\u00a0\u00a0\u00a0 La mise en place de Koinos se fait gr\u00e2ce \u00e0 un syst\u00e8me d&rsquo;exploitation agissant comme un pilote informatique. <b>Ce syst\u00e8me serait con\u00e7u pour \u00eatre autonome et non observable<\/b>. <b>Au c\u0153ur de ce syst\u00e8me on retrouve le module de contr\u00f4le et de s\u00e9curit\u00e9 r\u00e9gulant les flux de donn\u00e9e<\/b>\u00a0dans les algorithmes utilis\u00e9s.\u00a0<\/p><p><b>\u00a0\u00a0\u00a0 Ce syst\u00e8me d\u2019exploitation serait install\u00e9 au sein de l&rsquo;infrastructure informatique o\u00f9 les donn\u00e9es ont \u00e9t\u00e9 produites, il garantit que ces donn\u00e9es ne quittent pas leur lieu d&rsquo;origine<\/b> et restent sous le contr\u00f4le exclusif du producteur. Aucune copie des donn\u00e9es ne serait possible, pr\u00e9servant ainsi leur int\u00e9grit\u00e9 et leur confidentialit\u00e9.<\/p>\t\t\t\t\t\t\t\t<\/div>\n\t\t\t\t<\/div>\n\t\t\t\t\t<\/div>\n\t\t<\/div>\n\t\t\t\t\t<\/div>\n\t\t<\/section>\n\t\t\t\t<section class=\"elementor-section elementor-top-section elementor-element elementor-element-dbe8e0c elementor-section-boxed elementor-section-height-default elementor-section-height-default\" data-id=\"dbe8e0c\" data-element_type=\"section\" data-e-type=\"section\">\n\t\t\t\t\t\t<div class=\"elementor-container elementor-column-gap-default\">\n\t\t\t\t\t<div class=\"elementor-column elementor-col-100 elementor-top-column elementor-element elementor-element-afed7e5\" data-id=\"afed7e5\" data-element_type=\"column\" data-e-type=\"column\">\n\t\t\t<div class=\"elementor-widget-wrap elementor-element-populated\">\n\t\t\t\t\t\t<div class=\"elementor-element elementor-element-f33db85 elementor-widget elementor-widget-heading\" data-id=\"f33db85\" data-element_type=\"widget\" data-e-type=\"widget\" data-widget_type=\"heading.default\">\n\t\t\t\t<div class=\"elementor-widget-container\">\n\t\t\t\t\t<h2 class=\"elementor-heading-title elementor-size-default\"><div><div><main role=\"main\"><div><div><div><article><div><div data-elementor-type=\"wp-page\" data-elementor-id=\"532\" data-elementor-title=\"Page\"><div><div><section data-id=\"3b3cb59\" data-element_type=\"section\" data-model-cid=\"c9089\"><div><div><div data-id=\"6332cd3\" data-element_type=\"column\" data-col=\"100\" data-model-cid=\"c9471\"><div><div><div data-id=\"629264a\" data-element_type=\"widget\" data-model-cid=\"c9519\" data-widget_type=\"text-editor.default\"><div><div data-elementor-setting-key=\"editor\" data-elementor-inline-editing-toolbar=\"advanced\" data-pen-placeholder=\"\u00c9crivez ici...\"><p>Une solution r\u00e9volutionnaire pour la s\u00e9curit\u00e9 et la valorisation des donn\u00e9e<\/p><\/div><\/div><\/div><\/div><\/div><\/div><\/div><\/div><\/section><\/div><\/div><\/div><\/div><\/article><\/div><\/div><\/div><\/main><\/div><\/div><\/h2>\t\t\t\t<\/div>\n\t\t\t\t<\/div>\n\t\t\t\t\t<\/div>\n\t\t<\/div>\n\t\t\t\t\t<\/div>\n\t\t<\/section>\n\t\t\t\t<section class=\"elementor-section elementor-top-section elementor-element elementor-element-00decd6 elementor-section-stretched elementor-section-boxed elementor-section-height-default elementor-section-height-default\" data-id=\"00decd6\" data-element_type=\"section\" data-e-type=\"section\" data-settings=\"{&quot;stretch_section&quot;:&quot;section-stretched&quot;}\">\n\t\t\t\t\t\t<div class=\"elementor-container elementor-column-gap-default\">\n\t\t\t\t\t<div class=\"elementor-column elementor-col-66 elementor-top-column elementor-element elementor-element-0354535\" data-id=\"0354535\" data-element_type=\"column\" data-e-type=\"column\">\n\t\t\t<div class=\"elementor-widget-wrap elementor-element-populated\">\n\t\t\t\t\t\t<div class=\"elementor-element elementor-element-070c721 elementor-widget elementor-widget-text-editor\" data-id=\"070c721\" data-element_type=\"widget\" data-e-type=\"widget\" data-widget_type=\"text-editor.default\">\n\t\t\t\t<div class=\"elementor-widget-container\">\n\t\t\t\t\t\t\t\t\t<p><b>\u00a0\u00a0\u00a0 Avec sa capacit\u00e9 \u00e0 garantir la s\u00e9curit\u00e9 des donn\u00e9es tout en pr\u00e9servant leur potentiel de valorisation, Koinos ouvre la voie vers de nouvelles opportunit\u00e9s et une innovation sans pr\u00e9c\u00e9dent. En adoptant Koinos, vous b\u00e9n\u00e9ficierez d&rsquo;une solution r\u00e9volutionnaire qui transformera la fa\u00e7on dont vous g\u00e9rez et exploitez vos donn\u00e9es, propulsant ainsi votre entreprise vers de nouveaux sommets.<\/b><\/p>\t\t\t\t\t\t\t\t<\/div>\n\t\t\t\t<\/div>\n\t\t\t\t\t<\/div>\n\t\t<\/div>\n\t\t\t\t<div class=\"elementor-column elementor-col-33 elementor-top-column elementor-element elementor-element-57d1f5a\" data-id=\"57d1f5a\" data-element_type=\"column\" data-e-type=\"column\">\n\t\t\t<div class=\"elementor-widget-wrap elementor-element-populated\">\n\t\t\t\t\t\t<div class=\"elementor-element elementor-element-d22f77c elementor-widget elementor-widget-image\" data-id=\"d22f77c\" data-element_type=\"widget\" data-e-type=\"widget\" data-settings=\"{&quot;_animation&quot;:&quot;none&quot;}\" data-widget_type=\"image.default\">\n\t\t\t\t<div class=\"elementor-widget-container\">\n\t\t\t\t\t\t\t\t\t\t\t\t\t\t\t<img decoding=\"async\" width=\"150\" height=\"150\" src=\"https:\/\/www.koinos.app\/wp-content\/uploads\/2023\/06\/cropped-KOINOS-LOGO-FINAL-3_00036-1-150x150.png\" class=\"attachment-thumbnail size-thumbnail wp-image-663\" alt=\"\" srcset=\"https:\/\/www.koinos.app\/wp-content\/uploads\/2023\/06\/cropped-KOINOS-LOGO-FINAL-3_00036-1-150x150.png 150w, https:\/\/www.koinos.app\/wp-content\/uploads\/2023\/06\/cropped-KOINOS-LOGO-FINAL-3_00036-1-300x300.png 300w, https:\/\/www.koinos.app\/wp-content\/uploads\/2023\/06\/cropped-KOINOS-LOGO-FINAL-3_00036-1-270x270.png 270w, https:\/\/www.koinos.app\/wp-content\/uploads\/2023\/06\/cropped-KOINOS-LOGO-FINAL-3_00036-1-192x192.png 192w, https:\/\/www.koinos.app\/wp-content\/uploads\/2023\/06\/cropped-KOINOS-LOGO-FINAL-3_00036-1-180x180.png 180w, https:\/\/www.koinos.app\/wp-content\/uploads\/2023\/06\/cropped-KOINOS-LOGO-FINAL-3_00036-1-32x32.png 32w, https:\/\/www.koinos.app\/wp-content\/uploads\/2023\/06\/cropped-KOINOS-LOGO-FINAL-3_00036-1.png 512w\" sizes=\"(max-width: 150px) 100vw, 150px\" \/>\t\t\t\t\t\t\t\t\t\t\t\t\t\t\t<\/div>\n\t\t\t\t<\/div>\n\t\t\t\t\t<\/div>\n\t\t<\/div>\n\t\t\t\t\t<\/div>\n\t\t<\/section>\n\t\t\t\t<section class=\"elementor-section elementor-top-section elementor-element elementor-element-b82c945 elementor-section-stretched elementor-section-boxed elementor-section-height-default elementor-section-height-default\" data-id=\"b82c945\" data-element_type=\"section\" data-e-type=\"section\" data-settings=\"{&quot;stretch_section&quot;:&quot;section-stretched&quot;}\">\n\t\t\t\t\t\t<div class=\"elementor-container elementor-column-gap-default\">\n\t\t\t\t\t<div class=\"elementor-column elementor-col-100 elementor-top-column elementor-element elementor-element-54d45b6\" data-id=\"54d45b6\" data-element_type=\"column\" data-e-type=\"column\">\n\t\t\t<div class=\"elementor-widget-wrap elementor-element-populated\">\n\t\t\t\t\t\t<div class=\"elementor-element elementor-element-f3fd758 elementor-widget elementor-widget-spacer\" data-id=\"f3fd758\" data-element_type=\"widget\" data-e-type=\"widget\" data-widget_type=\"spacer.default\">\n\t\t\t\t<div class=\"elementor-widget-container\">\n\t\t\t\t\t\t\t<div class=\"elementor-spacer\">\n\t\t\t<div class=\"elementor-spacer-inner\"><\/div>\n\t\t<\/div>\n\t\t\t\t\t\t<\/div>\n\t\t\t\t<\/div>\n\t\t\t\t\t<\/div>\n\t\t<\/div>\n\t\t\t\t\t<\/div>\n\t\t<\/section>\n\t\t\t\t<\/div>\n\t\t","protected":false},"excerpt":{"rendered":"<p>Koinos en vid\u00e9o &#8230; https:\/\/www.koinos.app\/wp-content\/uploads\/2023\/09\/KOINOS_video_final_V2.mp4 Koinos, c\u2019est quoi&nbsp;?&nbsp; \u00a0\u00a0\u00a0 Aujourd\u2019hui, les donn\u00e9es sont essentielles pour les entreprises, offrant un avantage concurrentiel et de nombreuses opportunit\u00e9s de croissance, que ce soit pour la prise de d\u00e9cisions, l&rsquo;optimisation des processus ou l&rsquo;exploitation des informations, en faisant de l&rsquo;achat ou de la vente de donn\u00e9es un \u00e9l\u00e9ment essentiel [&hellip;]<\/p>\n","protected":false},"author":2,"featured_media":0,"parent":0,"menu_order":0,"comment_status":"closed","ping_status":"closed","template":"","meta":{"footnotes":""},"class_list":["post-532","page","type-page","status-publish","hentry","entry"],"_links":{"self":[{"href":"https:\/\/www.koinos.app\/index.php?rest_route=\/wp\/v2\/pages\/532","targetHints":{"allow":["GET"]}}],"collection":[{"href":"https:\/\/www.koinos.app\/index.php?rest_route=\/wp\/v2\/pages"}],"about":[{"href":"https:\/\/www.koinos.app\/index.php?rest_route=\/wp\/v2\/types\/page"}],"author":[{"embeddable":true,"href":"https:\/\/www.koinos.app\/index.php?rest_route=\/wp\/v2\/users\/2"}],"replies":[{"embeddable":true,"href":"https:\/\/www.koinos.app\/index.php?rest_route=%2Fwp%2Fv2%2Fcomments&post=532"}],"version-history":[{"count":153,"href":"https:\/\/www.koinos.app\/index.php?rest_route=\/wp\/v2\/pages\/532\/revisions"}],"predecessor-version":[{"id":883,"href":"https:\/\/www.koinos.app\/index.php?rest_route=\/wp\/v2\/pages\/532\/revisions\/883"}],"wp:attachment":[{"href":"https:\/\/www.koinos.app\/index.php?rest_route=%2Fwp%2Fv2%2Fmedia&parent=532"}],"curies":[{"name":"wp","href":"https:\/\/api.w.org\/{rel}","templated":true}]}}