{"id":12,"date":"2021-01-05T10:44:26","date_gmt":"2021-01-05T09:44:26","guid":{"rendered":"http:\/\/localhost:8080\/?page_id=12"},"modified":"2025-02-06T22:42:55","modified_gmt":"2025-02-06T21:42:55","slug":"accueil","status":"publish","type":"page","link":"https:\/\/www.koinos.app\/","title":{"rendered":"Accueil"},"content":{"rendered":"\t\t<div data-elementor-type=\"wp-page\" data-elementor-id=\"12\" class=\"elementor elementor-12\">\n\t\t\t\t\t\t<section class=\"elementor-section elementor-top-section elementor-element elementor-element-1a70c81 elementor-section-stretched elementor-section-boxed elementor-section-height-default elementor-section-height-default\" data-id=\"1a70c81\" data-element_type=\"section\" data-e-type=\"section\" data-settings=\"{&quot;stretch_section&quot;:&quot;section-stretched&quot;}\">\n\t\t\t\t\t\t<div class=\"elementor-container elementor-column-gap-default\">\n\t\t\t\t\t<div class=\"elementor-column elementor-col-100 elementor-top-column elementor-element elementor-element-8a6c6e3\" data-id=\"8a6c6e3\" data-element_type=\"column\" data-e-type=\"column\">\n\t\t\t<div class=\"elementor-widget-wrap elementor-element-populated\">\n\t\t\t\t\t\t<div class=\"elementor-element elementor-element-eeb7c42 elementor-widget elementor-widget-text-editor\" data-id=\"eeb7c42\" data-element_type=\"widget\" data-e-type=\"widget\" data-widget_type=\"text-editor.default\">\n\t\t\t\t<div class=\"elementor-widget-container\">\n\t\t\t\t\t\t\t\t\t<p><span style=\"color: #37bcec;\">Fran\u00e7ais<\/span> <span style=\"color: #ccbdbd;\">&#8211;<\/span> <a href=\"https:\/\/www.koinos.app\/?page_id=729\"><span style=\"color: #ffffff;\">English<\/span><\/a><\/p>\t\t\t\t\t\t\t\t<\/div>\n\t\t\t\t<\/div>\n\t\t\t\t<div class=\"elementor-element elementor-element-8e8bde8 elementor-widget elementor-widget-image\" data-id=\"8e8bde8\" data-element_type=\"widget\" data-e-type=\"widget\" data-widget_type=\"image.default\">\n\t\t\t\t<div class=\"elementor-widget-container\">\n\t\t\t\t\t\t\t\t\t\t\t\t<figure class=\"wp-caption\">\n\t\t\t\t\t\t\t\t\t\t<img fetchpriority=\"high\" decoding=\"async\" width=\"2560\" height=\"1707\" src=\"https:\/\/www.koinos.app\/wp-content\/uploads\/2023\/07\/LSQCLD-scaled.jpg\" class=\"attachment-full size-full wp-image-562\" alt=\"\" srcset=\"https:\/\/www.koinos.app\/wp-content\/uploads\/2023\/07\/LSQCLD-scaled.jpg 2560w, https:\/\/www.koinos.app\/wp-content\/uploads\/2023\/07\/LSQCLD-300x200.jpg 300w, https:\/\/www.koinos.app\/wp-content\/uploads\/2023\/07\/LSQCLD-1024x683.jpg 1024w, https:\/\/www.koinos.app\/wp-content\/uploads\/2023\/07\/LSQCLD-768x512.jpg 768w, https:\/\/www.koinos.app\/wp-content\/uploads\/2023\/07\/LSQCLD-1536x1024.jpg 1536w, https:\/\/www.koinos.app\/wp-content\/uploads\/2023\/07\/LSQCLD-2048x1365.jpg 2048w\" sizes=\"(max-width: 2560px) 100vw, 2560px\" \/>\t\t\t\t\t\t\t\t\t\t\t<figcaption class=\"widget-image-caption wp-caption-text\"><\/figcaption>\n\t\t\t\t\t\t\t\t\t\t<\/figure>\n\t\t\t\t\t\t\t\t\t<\/div>\n\t\t\t\t<\/div>\n\t\t\t\t\t<\/div>\n\t\t<\/div>\n\t\t\t\t\t<\/div>\n\t\t<\/section>\n\t\t\t\t<section class=\"elementor-section elementor-top-section elementor-element elementor-element-841157e elementor-section-stretched elementor-section-boxed elementor-section-height-default elementor-section-height-default\" data-id=\"841157e\" data-element_type=\"section\" data-e-type=\"section\" data-settings=\"{&quot;stretch_section&quot;:&quot;section-stretched&quot;}\">\n\t\t\t\t\t\t<div class=\"elementor-container elementor-column-gap-default\">\n\t\t\t\t\t<div class=\"elementor-column elementor-col-100 elementor-top-column elementor-element elementor-element-33640ee\" data-id=\"33640ee\" data-element_type=\"column\" data-e-type=\"column\">\n\t\t\t<div class=\"elementor-widget-wrap elementor-element-populated\">\n\t\t\t\t\t\t<div class=\"elementor-element elementor-element-dcd02bb elementor-widget-divider--view-line elementor-widget elementor-widget-divider\" data-id=\"dcd02bb\" data-element_type=\"widget\" data-e-type=\"widget\" data-widget_type=\"divider.default\">\n\t\t\t\t<div class=\"elementor-widget-container\">\n\t\t\t\t\t\t\t<div class=\"elementor-divider\">\n\t\t\t<span class=\"elementor-divider-separator\">\n\t\t\t\t\t\t<\/span>\n\t\t<\/div>\n\t\t\t\t\t\t<\/div>\n\t\t\t\t<\/div>\n\t\t\t\t\t<\/div>\n\t\t<\/div>\n\t\t\t\t\t<\/div>\n\t\t<\/section>\n\t\t\t\t<section class=\"elementor-section elementor-top-section elementor-element elementor-element-62e129a elementor-section-content-middle elementor-section-stretched elementor-section-boxed elementor-section-height-default elementor-section-height-default\" data-id=\"62e129a\" data-element_type=\"section\" data-e-type=\"section\" data-settings=\"{&quot;stretch_section&quot;:&quot;section-stretched&quot;}\">\n\t\t\t\t\t\t<div class=\"elementor-container elementor-column-gap-default\">\n\t\t\t\t\t<div class=\"elementor-column elementor-col-50 elementor-top-column elementor-element elementor-element-626a687\" data-id=\"626a687\" data-element_type=\"column\" data-e-type=\"column\">\n\t\t\t<div class=\"elementor-widget-wrap elementor-element-populated\">\n\t\t\t\t\t\t<div class=\"elementor-element elementor-element-fa91f5b elementor-widget elementor-widget-heading\" data-id=\"fa91f5b\" data-element_type=\"widget\" data-e-type=\"widget\" data-widget_type=\"heading.default\">\n\t\t\t\t<div class=\"elementor-widget-container\">\n\t\t\t\t\t<h2 class=\"elementor-heading-title elementor-size-default\">Utiliser la donn\u00e9e sans la donner !<\/h2>\t\t\t\t<\/div>\n\t\t\t\t<\/div>\n\t\t\t\t<div class=\"elementor-element elementor-element-c32dca3 elementor-widget elementor-widget-spacer\" data-id=\"c32dca3\" data-element_type=\"widget\" data-e-type=\"widget\" data-widget_type=\"spacer.default\">\n\t\t\t\t<div class=\"elementor-widget-container\">\n\t\t\t\t\t\t\t<div class=\"elementor-spacer\">\n\t\t\t<div class=\"elementor-spacer-inner\"><\/div>\n\t\t<\/div>\n\t\t\t\t\t\t<\/div>\n\t\t\t\t<\/div>\n\t\t\t\t<div class=\"elementor-element elementor-element-d5eb648 elementor-widget elementor-widget-text-editor\" data-id=\"d5eb648\" data-element_type=\"widget\" data-e-type=\"widget\" data-widget_type=\"text-editor.default\">\n\t\t\t\t<div class=\"elementor-widget-container\">\n\t\t\t\t\t\t\t\t\t<p><b>Aujourd&rsquo;hui, l\u2019utilisation des donn\u00e9es est devenue incontournable pour atteindre le succ\u00e8s. Seul probl\u00e8me : la duplication des donn\u00e9es peuvent porter atteinte \u00e0 la s\u00e9curit\u00e9 des propri\u00e9taires des donn\u00e9es et la perte de valeur qu&rsquo;elle engendre.<\/b><\/p>\n<p><b>Et si nous vous disions qu\u2019il serait possible de profiter de l&rsquo;usage de donn\u00e9es temporairement.<\/b><\/p>\n<p><b>Nous offrons une solution alternative \u00e0 l&rsquo;achat et la vente de donn\u00e9es sensibles en respectant le r\u00e8glement g\u00e9n\u00e9ral de la protection des donn\u00e9es.<br><\/b><\/p>\n<p><b>D\u00e9couvrez d\u00e8s maintenant Koinos, le logiciel qui va changer la donn(\u00e9)e !<\/b><\/p>\t\t\t\t\t\t\t\t<\/div>\n\t\t\t\t<\/div>\n\t\t\t\t<div class=\"elementor-element elementor-element-c071b4d elementor-widget elementor-widget-button\" data-id=\"c071b4d\" data-element_type=\"widget\" data-e-type=\"widget\" data-widget_type=\"button.default\">\n\t\t\t\t<div class=\"elementor-widget-container\">\n\t\t\t\t\t\t\t\t\t<div class=\"elementor-button-wrapper\">\n\t\t\t\t\t<a class=\"elementor-button elementor-button-link elementor-size-sm\" href=\"https:\/\/www.koinos.app\/?page_id=532\">\n\t\t\t\t\t\t<span class=\"elementor-button-content-wrapper\">\n\t\t\t\t\t\t\t\t\t<span class=\"elementor-button-text\">Donn(\u00e9)e moi plus de d\u00e9tails &gt;<\/span>\n\t\t\t\t\t<\/span>\n\t\t\t\t\t<\/a>\n\t\t\t\t<\/div>\n\t\t\t\t\t\t\t\t<\/div>\n\t\t\t\t<\/div>\n\t\t\t\t<div class=\"elementor-element elementor-element-29ba2b4 elementor-widget-divider--view-line elementor-widget elementor-widget-divider\" data-id=\"29ba2b4\" data-element_type=\"widget\" data-e-type=\"widget\" data-widget_type=\"divider.default\">\n\t\t\t\t<div class=\"elementor-widget-container\">\n\t\t\t\t\t\t\t<div class=\"elementor-divider\">\n\t\t\t<span class=\"elementor-divider-separator\">\n\t\t\t\t\t\t<\/span>\n\t\t<\/div>\n\t\t\t\t\t\t<\/div>\n\t\t\t\t<\/div>\n\t\t\t\t\t<\/div>\n\t\t<\/div>\n\t\t\t\t<div class=\"elementor-column elementor-col-50 elementor-top-column elementor-element elementor-element-a4125ac\" data-id=\"a4125ac\" data-element_type=\"column\" data-e-type=\"column\">\n\t\t\t<div class=\"elementor-widget-wrap elementor-element-populated\">\n\t\t\t\t\t\t<div class=\"elementor-element elementor-element-89c5803 elementor-widget elementor-widget-spacer\" data-id=\"89c5803\" data-element_type=\"widget\" data-e-type=\"widget\" data-widget_type=\"spacer.default\">\n\t\t\t\t<div class=\"elementor-widget-container\">\n\t\t\t\t\t\t\t<div class=\"elementor-spacer\">\n\t\t\t<div class=\"elementor-spacer-inner\"><\/div>\n\t\t<\/div>\n\t\t\t\t\t\t<\/div>\n\t\t\t\t<\/div>\n\t\t\t\t<div class=\"elementor-element elementor-element-02282c0 elementor-widget elementor-widget-image\" data-id=\"02282c0\" data-element_type=\"widget\" data-e-type=\"widget\" data-widget_type=\"image.default\">\n\t\t\t\t<div class=\"elementor-widget-container\">\n\t\t\t\t\t\t\t\t\t\t\t\t\t\t\t<img decoding=\"async\" width=\"1024\" height=\"576\" src=\"https:\/\/www.koinos.app\/wp-content\/uploads\/2023\/06\/KOINOS-LOGO-FINAL-22_00065-1024x576.png\" class=\"attachment-large size-large wp-image-539\" alt=\"\" srcset=\"https:\/\/www.koinos.app\/wp-content\/uploads\/2023\/06\/KOINOS-LOGO-FINAL-22_00065-1024x576.png 1024w, https:\/\/www.koinos.app\/wp-content\/uploads\/2023\/06\/KOINOS-LOGO-FINAL-22_00065-300x169.png 300w, https:\/\/www.koinos.app\/wp-content\/uploads\/2023\/06\/KOINOS-LOGO-FINAL-22_00065-768x432.png 768w, https:\/\/www.koinos.app\/wp-content\/uploads\/2023\/06\/KOINOS-LOGO-FINAL-22_00065-1536x864.png 1536w, https:\/\/www.koinos.app\/wp-content\/uploads\/2023\/06\/KOINOS-LOGO-FINAL-22_00065.png 1920w\" sizes=\"(max-width: 1024px) 100vw, 1024px\" \/>\t\t\t\t\t\t\t\t\t\t\t\t\t\t\t<\/div>\n\t\t\t\t<\/div>\n\t\t\t\t<div class=\"elementor-element elementor-element-fb0cf2a elementor-widget-divider--view-line elementor-widget elementor-widget-divider\" data-id=\"fb0cf2a\" data-element_type=\"widget\" data-e-type=\"widget\" data-widget_type=\"divider.default\">\n\t\t\t\t<div class=\"elementor-widget-container\">\n\t\t\t\t\t\t\t<div class=\"elementor-divider\">\n\t\t\t<span class=\"elementor-divider-separator\">\n\t\t\t\t\t\t<\/span>\n\t\t<\/div>\n\t\t\t\t\t\t<\/div>\n\t\t\t\t<\/div>\n\t\t\t\t\t<\/div>\n\t\t<\/div>\n\t\t\t\t\t<\/div>\n\t\t<\/section>\n\t\t\t\t<\/div>\n\t\t","protected":false},"excerpt":{"rendered":"<p>Fran\u00e7ais &#8211; English Utiliser la donn\u00e9e sans la donner ! Aujourd&rsquo;hui, l\u2019utilisation des donn\u00e9es est devenue incontournable pour atteindre le succ\u00e8s. Seul probl\u00e8me : la duplication des donn\u00e9es peuvent porter atteinte \u00e0 la s\u00e9curit\u00e9 des propri\u00e9taires des donn\u00e9es et la perte de valeur qu&rsquo;elle engendre. Et si nous vous disions qu\u2019il serait possible de profiter [&hellip;]<\/p>\n","protected":false},"author":1,"featured_media":0,"parent":0,"menu_order":0,"comment_status":"closed","ping_status":"closed","template":"","meta":{"footnotes":""},"class_list":["post-12","page","type-page","status-publish","hentry","entry"],"_links":{"self":[{"href":"https:\/\/www.koinos.app\/index.php?rest_route=\/wp\/v2\/pages\/12","targetHints":{"allow":["GET"]}}],"collection":[{"href":"https:\/\/www.koinos.app\/index.php?rest_route=\/wp\/v2\/pages"}],"about":[{"href":"https:\/\/www.koinos.app\/index.php?rest_route=\/wp\/v2\/types\/page"}],"author":[{"embeddable":true,"href":"https:\/\/www.koinos.app\/index.php?rest_route=\/wp\/v2\/users\/1"}],"replies":[{"embeddable":true,"href":"https:\/\/www.koinos.app\/index.php?rest_route=%2Fwp%2Fv2%2Fcomments&post=12"}],"version-history":[{"count":418,"href":"https:\/\/www.koinos.app\/index.php?rest_route=\/wp\/v2\/pages\/12\/revisions"}],"predecessor-version":[{"id":929,"href":"https:\/\/www.koinos.app\/index.php?rest_route=\/wp\/v2\/pages\/12\/revisions\/929"}],"wp:attachment":[{"href":"https:\/\/www.koinos.app\/index.php?rest_route=%2Fwp%2Fv2%2Fmedia&parent=12"}],"curies":[{"name":"wp","href":"https:\/\/api.w.org\/{rel}","templated":true}]}}